{"id":136,"date":"2023-12-31T17:52:58","date_gmt":"2023-12-31T08:52:58","guid":{"rendered":"https:\/\/proteinvillage.com\/?page_id=136"},"modified":"2025-09-23T20:43:44","modified_gmt":"2025-09-23T11:43:44","slug":"profil","status":"publish","type":"page","link":"https:\/\/proteinvillage.com\/de\/profil","title":{"rendered":"Profil"},"content":{"rendered":"<p><span class=\"ep-label es-round es-borderDashedS brc-Lblue bgc-VPblue es-RpaddingSS es-LpaddingSS\"><b>\u3010Profil\u3011<\/b><\/span><\/p>\n<div class=\"column column-2\">\n<div class=\"column__item\">\n<p><span style=\"font-weight: 400;\">Mein Name ist Pastan8.<\/span><span style=\"font-weight: 400;\">Ich bin Japanerin und auf dem Land geboren.<\/span><br \/>\nIch bin der Betreiber von Protein village = NobiNoba.<\/p>\n<p><span style=\"font-weight: 400;\">Vorlieben: Badminton, Krafttraining, Erkundungstouren, \u00f6ffentliche B\u00e4der, Spielhallen, Hirsekl\u00f6\u00dfe, Pasta, die Zahl \u201e8\u201c usw.<\/span><br \/>\n<span style=\"font-weight: 400;\">Abneigungen: Achterbahnen<\/span><\/p>\n<p>Wir betreiben eine Badminton-Organisation in Tokio.<br \/>\nIch erledige oft Hausarbeiten, w\u00e4hrend ich Musik h\u00f6re und tanze, lol.<\/p>\n<\/div>\n<div class=\"column__item\"><img decoding=\"async\" class=\"wp-image-138 aligncenter\" src=\"https:\/\/proteinvillage.com\/wp-content\/themes\/the-thor\/img\/dummy.gif\" data-layzr=\"https:\/\/proteinvillage.com\/wp-content\/uploads\/b3a3a30c86809f5ce5621989a3960cc2.jpg\" alt=\"\" width=\"160\" height=\"202\" \/><\/div>\n<\/div>\n<p><span class=\"ep-label es-round es-borderDashedS brc-Lblue bgc-VPblue es-RpaddingSS es-LpaddingSS\"><b>[Grund f\u00fcr die Erstellung eines Blogs]<\/b><\/span><\/p>\n<p><span style=\"font-weight: 400;\">Eines Tages hatte ich pl\u00f6tzlich eine Idee und beschloss, diesen Blog zu starten.<\/span><br \/>\n<span style=\"font-weight: 400;\">In diesem Blog werde ich \u00fcber die DOHad-Theorie (Developmental Origins of Health and Disease) und Anti-Aging-Themen schreiben.<\/span><\/p>\n<p><span style=\"font-weight: 400;\">\u201eEin gesundes Leben f\u00fchrt zu Gl\u00fcck f\u00fcr die Menschen um dich herum.\u201c<\/span><\/p>\n<p><span style=\"font-weight: 400;\">Ich w\u00fcnsche mir, dass du l\u00e4nger lebst als die Menschen um dich herum.<\/span><br \/>\n<span style=\"font-weight: 400;\">Wenn Sie diese Ansicht teilen, teilen Sie sie bitte mit jemand anderem.<\/span><br \/>\n<span style=\"font-weight: 400;\">Ich glaube, das wird eine Kette des Gl\u00fccks ausl\u00f6sen.<\/span><\/p>\n<p>Dies f\u00fchrt zu den stilvollsten Ergebnissen sowohl aus makro- als auch aus mikro\u00f6konomischer Sicht, sowohl im privaten als auch im \u00f6ffentlichen Bereich.<\/p>\n<p><span style=\"font-weight: 400;\">Die im Blog pr\u00e4sentierten Informationen stammen haupts\u00e4chlich von Forschern aus verschiedenen Fachbereichen weltweit.<\/span><br \/>\n<span style=\"font-weight: 400;\">Ich respektiere euch alle.<\/span><br \/>\n<span style=\"font-weight: 400;\">Danke.<\/span><\/p>\n<p><span class=\"ep-label es-round es-borderDashedS brc-Lblue bgc-VPblue es-RpaddingSS es-LpaddingSS\"><b>\u3010Sonstige\u3011<\/b><\/span><\/p>\n<p><span style=\"font-weight: 400;\">Neben Anti-Aging werde ich auch \u00fcber meine Hobbys und meinen Alltag berichten.<\/span><br \/>\n<span style=\"font-weight: 400;\">Wenn es langweilig ist, ignoriere es einfach (lol).<\/span><br \/>\nWir werden jedoch versuchen, sicherzustellen, dass das Vorlesen bei Ihnen die Aussch\u00fcttung von Oxytocin anregt!<\/p>\n<p>Ich werde Informationen aus Forschungsarbeiten und experimentellen Daten als Referenz verwenden und diesen Blog mit der Idee vor Augen aufbauen, \u201ewelche Art des Schreibens die neuronalen Schaltkreise stimuliert, die zu einer verbesserten Gesundheit f\u00fchren\u201c!<\/p>\n<p>Ab 2025 wird der Einsatz von KI weit verbreitet sein. \u201eIn manchen Gesellschaften ist Arbeiten ohne Computer undenkbar.\u201c Mit Blick auf die Zukunft m\u00f6chte ich klarstellen, dass dieser Blog von mir pers\u00f6nlich verfasst wird. Ich schreibe ihn so, als w\u00e4re er eine pers\u00f6nliche Nachricht an jeden Einzelnen von euch. Denn sonst wird in euren Gehirnen kein Strom erzeugt.<span style=\"font-weight: 400;\">(Lol)<\/span><\/p>\n<p><span style=\"font-weight: 400;\">Auf unserem Blog finden Sie au\u00dferdem Kontaktm\u00f6glichkeiten f\u00fcr Werbung und Spenden.<\/span><br \/>\n<span style=\"font-weight: 400;\">Ich w\u00e4re froh, wenn die Einnahmen zur Deckung der Betriebskosten der Website verwendet werden k\u00f6nnten und ein etwaiger \u00dcberschuss der Gesellschaft zur\u00fcckgegeben werden k\u00f6nnte.<\/span><\/p>\n<p>Ich denke, es w\u00e4re wunderbar, wenn Gesundheitsinformationen zirkulieren und den Wissensstand und die Verhaltensstandards der Menschen auf der ganzen Welt ver\u00e4ndern w\u00fcrden, was dazu f\u00fchren w\u00fcrde, dass die Menschen \u00fcberall auf der Welt eine bessere Perspektive und ein besseres Urteilsverm\u00f6gen, eine stabilere Unabh\u00e4ngigkeit und mehr gegenseitige Hilfe h\u00e4tten.<\/p>\n<p><span style=\"font-weight: 400;\">Am Ende beschloss ich, ein ruhiges Leben zu f\u00fchren.<\/span><br \/>\n<span style=\"font-weight: 400;\">Ich hoffe, etwas zu hinterlassen, das jemanden unterst\u00fctzt, der sich in der Gesellschaft engagiert.<\/span><\/p>\n<p><span style=\"font-weight: 400;\">Selbstverst\u00e4ndlich werden wir Ihnen die Informationen aufrichtig zur Verf\u00fcgung stellen.<\/span><br \/>\n<span style=\"font-weight: 400;\">Vielen Dank f\u00fcr Ihre Mitarbeit.<\/span><\/p>","protected":false},"excerpt":{"rendered":"<p>\u3010\u30d7\u30ed\u30d5\u30a3\u30fc\u30eb\u3011 \u3071\u3059\u305f\u30938\u3068\u7533\u3057\u307e\u3059\u3002 [&hellip;]<\/p>\n","protected":false},"author":1,"featured_media":0,"parent":0,"menu_order":0,"comment_status":"closed","ping_status":"closed","template":"","meta":{"give_campaign_id":0,"cybocfi_hide_featured_image":"","footnotes":""},"class_list":["post-136","page","type-page","status-publish","hentry"],"campaignId":"","_links":{"self":[{"href":"https:\/\/proteinvillage.com\/de\/wp-json\/wp\/v2\/pages\/136","targetHints":{"allow":["GET"]}}],"collection":[{"href":"https:\/\/proteinvillage.com\/de\/wp-json\/wp\/v2\/pages"}],"about":[{"href":"https:\/\/proteinvillage.com\/de\/wp-json\/wp\/v2\/types\/page"}],"author":[{"embeddable":true,"href":"https:\/\/proteinvillage.com\/de\/wp-json\/wp\/v2\/users\/1"}],"replies":[{"embeddable":true,"href":"https:\/\/proteinvillage.com\/de\/wp-json\/wp\/v2\/comments?post=136"}],"version-history":[{"count":20,"href":"https:\/\/proteinvillage.com\/de\/wp-json\/wp\/v2\/pages\/136\/revisions"}],"predecessor-version":[{"id":153,"href":"https:\/\/proteinvillage.com\/de\/wp-json\/wp\/v2\/pages\/136\/revisions\/153"}],"wp:attachment":[{"href":"https:\/\/proteinvillage.com\/de\/wp-json\/wp\/v2\/media?parent=136"}],"curies":[{"name":"wp","href":"https:\/\/api.w.org\/{rel}","templated":true}]}}