{"id":3,"date":"2020-11-11T07:09:26","date_gmt":"2020-11-11T07:09:26","guid":{"rendered":"https:\/\/proteinvillage.com\/?page_id=3"},"modified":"2023-12-14T22:19:01","modified_gmt":"2023-12-14T13:19:01","slug":"datenschutzrichtlinie","status":"publish","type":"page","link":"https:\/\/proteinvillage.com\/de\/datenschutzrichtlinie","title":{"rendered":"Nutzungsbedingungen\/Haftungsausschluss"},"content":{"rendered":"<p><span style=\"font-family: '\uff2d\uff33 \u660e\u671d', 'MS Mincho';\"><strong><span style=\"font-size: 18pt;\"><a class=\"ep-btn bgc-Bgreen ftc-white es-size100 es-TpaddingS es-BpaddingS es-shadowIn es-BTarrow es-bold es-radius\">Nutzungsbedingungen und Haftungsausschluss<\/a><\/span><\/strong><\/span><\/p>\r\n<p><strong><span class=\"ep-label es-round es-borderDashedS brc-Lblue bgc-VPblue es-RpaddingSS es-LpaddingSS\">[\u00dcber die zu ver\u00f6ffentlichenden Informationen]<\/span><\/strong><\/p>\r\n<p><span style=\"font-weight: 400;\">\u25a0Wir hoffen, dass unsere Leser in diesem Blog selbst \u201epositive Ma\u00dfnahmen\u201c ergreifen, und aus dieser Perspektive zitieren und stellen wir Artikel, experimentelle Daten, Statistiken usw. vor.<\/span><span style=\"font-weight: 400;\">Diese Informationen dienen jedoch nicht der Diagnose, Pr\u00e4vention, Behandlung usw.<\/span><span style=\"font-weight: 400;\">Es enth\u00e4lt auch meine eigene Meinung, da ich kein Experte bin, und spiegelt keine direkten Ratschl\u00e4ge von Dritten wie Fachinstitutionen oder Experten wider.<\/span><\/p>\r\n<p><span style=\"font-weight: 400;\">\u25a0 Wenden Sie sich zur Diagnose und Behandlung von Krankheiten bitte an eine medizinische Einrichtung oder einen qualifizierten Arzt.<br \/><\/span><span style=\"font-weight: 400;\">Bitte brechen Sie die Behandlung nicht eigenm\u00e4chtig ab und ignorieren Sie nicht die Anweisungen Ihres Arztes aufgrund der Informationen in diesem Blog.<br \/><\/span><span style=\"font-weight: 400;\">Bitte beachten Sie, dass wir nicht f\u00fcr k\u00f6rperliche Beschwerden oder eine ausbleibende Besserung verantwortlich gemacht werden k\u00f6nnen, die auf Ma\u00dfnahmen zur\u00fcckzuf\u00fchren sind, die auf Grundlage der Informationen in diesem Blog ergriffen wurden, oder f\u00fcr sonstige Sch\u00e4den, die aufgrund der in diesem Blog ver\u00f6ffentlichten Inhalte entstehen.<\/span><\/p>\r\n<p><span style=\"font-weight: 400;\">\u25a0Einige der zitierten Arbeiten, experimentellen Daten, Statistiken usw. enthalten unzureichende Beweise.<br \/><\/span><span style=\"font-weight: 400;\">Bitte haben Sie Verst\u00e4ndnis daf\u00fcr, dass insbesondere die neuesten Informationen m\u00f6glicherweise nicht auf ausreichenden Beweisen, wie etwa experimentellen \u00dcberlegungen, beruhen.<\/span><span style=\"font-weight: 400;\">Es wird Jahre dauern, bis gen\u00fcgend Beweise gesammelt sind.<\/span><span style=\"font-weight: 400;\">Ich bin davon \u00fcberzeugt, dass das Abwarten dieser Jahre die notwendigen Ma\u00dfnahmen verz\u00f6gern k\u00f6nnte.<\/span><span style=\"font-weight: 400;\">Wir beabsichtigen, Informationen ohne Beweise zu ver\u00f6ffentlichen, in der Hoffnung, unseren Lesern damit zu helfen.<\/span><\/p>\r\n<p><span style=\"font-weight: 400;\">\u25a0Bitte haben Sie Verst\u00e4ndnis daf\u00fcr, dass mein eigenes Verst\u00e4ndnis von Dokumenten, experimentellen Daten, Statistiken usw. m\u00f6glicherweise nicht ausreicht.<\/span><span style=\"font-weight: 400;\">Wir bem\u00fchen uns, m\u00f6glichst genaue Informationen bereitzustellen, k\u00f6nnen jedoch weder deren Genauigkeit noch Sicherheit garantieren.<\/span><span style=\"font-weight: 400;\">Die Informationen sind m\u00f6glicherweise veraltet.<\/span><span style=\"font-weight: 400;\">Wir werden jedoch unser Bestes tun, um die Informationen auf dem neuesten Stand zu halten.<\/span><\/p>\r\n<p><span style=\"font-weight: 400;\">\u25a0Dieses Blog \u00fcbernimmt keine Garantie f\u00fcr die Rechtm\u00e4\u00dfigkeit, Genauigkeit oder Sicherheit aller Inhalte, einschlie\u00dflich Text, Bilder, Videos und Audio, die von diesem Blog bereitgestellt werden.<br \/><\/span><span style=\"font-weight: 400;\">Dieses Blog ist nicht befugt, Dritten die Nutzung der in diesem Blog verwendeten Inhalte, Texte, Bilder, Videos, Audiodateien usw. zu gestatten.<br \/><\/span><span style=\"font-weight: 400;\">Dieses Blog \u00fcbernimmt keine Verantwortung f\u00fcr Sch\u00e4den, die durch die von diesem Blog bereitgestellten Inhalte, Texte, Bilder, Videos, Audiodateien usw. entstehen.<\/span><\/p>\r\n<p>&nbsp;<\/p>\r\n<p><strong><span class=\"ep-label es-round es-borderDashedS brc-Lblue bgc-VPblue es-RpaddingSS es-LpaddingSS\">[Zweck der Verwendung personenbezogener Daten]<\/span><\/strong><\/p>\r\n<p><span style=\"font-weight: 400;\">\u25a0Wenn Sie in diesem Blog Anfragen stellen oder Artikel kommentieren, werden Sie m\u00f6glicherweise aufgefordert, pers\u00f6nliche Informationen wie Ihren Namen und Ihre E-Mail-Adresse einzugeben.<\/span><span style=\"font-weight: 400;\">Die von uns erhobenen personenbezogenen Daten werden dazu verwendet, Ihre Anfragen zu beantworten und Ihnen die erforderlichen Informationen per E-Mail usw. zukommen zu lassen. Sie werden nicht f\u00fcr andere Zwecke verwendet.<\/span><\/p>\r\n<p><span style=\"font-weight: 400;\">\u25a0Dieser Blog h\u00e4lt sich an die geltenden Gesetze und Vorschriften bez\u00fcglich personenbezogener Daten und wird seinen Umgang mit personenbezogenen Daten \u00fcberpr\u00fcfen und sich um eine Verbesserung bem\u00fchen.<br \/><\/span><span style=\"font-weight: 400;\">Eventuelle \u00c4nderungen werden stets auf dieser Seite bekannt gegeben.<\/span><\/p>\r\n<p><span style=\"font-weight: 400;\">\u25a0Diese Site verwaltet personenbezogene Daten ordnungsgem\u00e4\u00df und gibt sie nicht an Dritte weiter, au\u00dfer in den folgenden F\u00e4llen.<br \/><\/span><span style=\"font-weight: 400;\">\u30fbWenn die Person ihre Zustimmung gegeben hat<br \/><\/span><span style=\"font-weight: 400;\">\u30fbWenn die Offenlegung zur Einhaltung von Gesetzen und Vorschriften usw. erforderlich ist.<\/span><\/p>\r\n<p><span style=\"font-weight: 400;\">\u25a0Wenn Sie Ihre personenbezogenen Daten offenlegen, korrigieren, erg\u00e4nzen, l\u00f6schen oder deren Verwendung aussetzen m\u00f6chten, werden wir Ihnen nach Best\u00e4tigung Ihrer Identit\u00e4t umgehend antworten.<\/span><\/p>\r\n<p>&nbsp;<\/p>\r\n<p><strong><span class=\"ep-label es-round es-borderDashedS brc-Lblue bgc-VPblue es-RpaddingSS es-LpaddingSS\">[\u00dcber Werbung]<\/span><\/strong><\/p>\r\n<p><span style=\"font-weight: 400;\">\u25a0Dieser Blog nutzt Werbedienste von Drittanbietern (Google AdSense, A8.net) und verwendet Cookies, um Werbung f\u00fcr Produkte und Dienstleistungen anzuzeigen, die den Interessen der Nutzer entsprechen.<\/span><span style=\"font-weight: 400;\">Cookies erm\u00f6glichen unserem Blog, Ihren Computer zu identifizieren, identifizieren Sie jedoch nicht pers\u00f6nlich.<\/span><span style=\"font-weight: 400;\">Weitere Informationen zum Deaktivieren von Cookies und Google AdSense finden Sie unter \u201eWerbung \u2013 Richtlinien und Bedingungen \u2013 Google\u201c.<\/span><\/p>\r\n<p><span style=\"font-weight: 400;\">\u25a0Dar\u00fcber hinaus ist Protein Village Teilnehmer am Amazon Associates Program, einem Partnerprogramm, das Websites die M\u00f6glichkeit bietet, durch Werbung und Verlinkung mit Amazon.co.jp Werbegeb\u00fchren zu verdienen.<\/span><\/p>\r\n<p><span style=\"font-weight: 400;\">\u25a0Wenn Sie Fragen zu den in diesem Blog vorgestellten Produkten haben, wenden Sie sich bitte an die Vertriebsgesellschaft.<\/span><span style=\"font-weight: 400;\">Wir sind nicht verantwortlich f\u00fcr Informationen, Dienste usw., die auf Websites bereitgestellt werden, auf die \u00fcber Links oder Banner von diesem Blog aus zugegriffen wird.<\/span><span style=\"font-weight: 400;\">Die endg\u00fcltige Entscheidung \u00fcber den Kauf eines Produkts oder einer Dienstleistung liegt in Ihrer eigenen Verantwortung.<\/span><\/p>\r\n<p>&nbsp;<\/p>\r\n<p><strong><span class=\"ep-label es-round es-borderDashedS brc-Lblue bgc-VPblue es-RpaddingSS es-LpaddingSS\">[\u00dcber das Zugriffsanalysetool]<\/span><\/strong><\/p>\r\n<p><span style=\"font-weight: 400;\">\u25a0Dieser Blog verwendet Google Analytics, ein Zugriffsanalysetool von Google. Google Analytics verwendet Cookies zur Erfassung von Daten. Die Daten werden anonym erfasst und identifizieren keine Einzelpersonen.<\/span><\/p>\r\n<p>&nbsp;<\/p>\r\n<p><span class=\"ep-label es-round es-borderDashedS brc-Lblue bgc-VPblue es-RpaddingSS es-LpaddingSS\"><strong>[Copyright]<\/strong><\/span><\/p>\r\n<p><span style=\"font-weight: 400;\">Auf das Urheberrecht wird nicht verzichtet.<br \/><\/span><span style=\"font-weight: 400;\">Die unbefugte Vervielf\u00e4ltigung von in diesem Blog ver\u00f6ffentlichten Texten ist untersagt.<\/span><span style=\"font-weight: 400;\">Dieser Blog stellt keine Urheberrechtsverletzung dar. Sollten Sie Fragen zu Urheber- oder Bildrechten haben, kontaktieren Sie uns bitte \u00fcber das Anfrageformular. Wir werden umgehend antworten.<\/span><\/p>\r\n<p>&nbsp;<\/p>\r\n<p><span class=\"ep-label es-round es-borderDashedS brc-Lblue bgc-VPblue es-RpaddingSS es-LpaddingSS\"><strong>[Verbotene Elemente im Zusammenhang mit der Nutzung dieses Blogs]<\/strong><\/span><\/p>\r\n<p><span style=\"font-weight: 400;\">- Nutzung f\u00fcr kommerzielle Zwecke<br \/><\/span><span style=\"font-weight: 400;\">- Unabh\u00e4ngig vom Inhalt dieses Blogs zum Posten, Installieren, Kopieren usw. aller in diesem Blog ver\u00f6ffentlichten Informationen auf Informationsmedien wie Radio, Zeitschriften und Fernsehen oder auf Speichermedien wie USB, DVD-ROM und CD-ROM verwenden.<br \/><\/span><span style=\"font-weight: 400;\">\u30fbAlle b\u00f6swilligen und illegalen Verwendungen dieses Blogs<br \/><\/span><span style=\"font-weight: 400;\">\u30fbJede Nutzung, die dieser Blog als unangemessen erachtet<\/span><\/p>\r\n<p>&nbsp;<\/p>\r\n<p><span class=\"ep-label es-round es-borderDashedS brc-Lblue bgc-VPblue es-RpaddingSS es-LpaddingSS\"><strong>[\u00dcber Links]<\/strong><\/span><\/p>\r\n<p><span style=\"font-weight: 400;\">Sofern dies nicht gegen die \u201eVerbotene Nutzung dieses Blogs\u201c verst\u00f6\u00dft, steht es Ihnen grunds\u00e4tzlich frei, auf dieses Blog zu verlinken. F\u00fcr die Verlinkung ist weder eine Genehmigung noch eine Kontaktaufnahme erforderlich.<\/span><span style=\"font-weight: 400;\">Bitte verzichten Sie jedoch auf die Verwendung von Inlineframes oder direkten Links zu Bildern.<\/span><\/p>\r\n<p><span style=\"font-weight: 400;\">Dieses Blog kann die Dienste auf diesem Blog vor\u00fcbergehend ganz oder teilweise aussetzen, einstellen oder \u00e4ndern, ohne die Zuschauer und Benutzer vorher dar\u00fcber zu informieren.<\/span><span style=\"font-weight: 400;\">F\u00fcr Anfragen nutzen Sie bitte das E-Mail-Formular.<\/span><\/p>\r\n<p><span style=\"font-weight: 400;\">Leute, das ist ein sehr langer Artikel geworden,<br \/><\/span><span style=\"font-weight: 400;\">Vielen Dank f\u00fcr Ihre Mitarbeit.<\/span><\/p>\r\n<p><span style=\"font-weight: 400;\">Betreiberinformationen:<\/span><span style=\"font-weight: 400;\">Pastan 8<br \/><\/span><span style=\"font-weight: 400;\">Kontaktinformationen (Anfrageformular):<\/span><span style=\"font-weight: 400;\">proteinvillagecontact@gmail.com<\/span><\/p>","protected":false},"excerpt":{"rendered":"<p>\u5229\u7528\u898f\u7d04\u3001\u304a\u3088\u3073\u3001\u514d\u8cac\u4e8b\u9805 \u3010\u63b2\u8f09\u3059\u308b\u60c5 [&hellip;]<\/p>\n","protected":false},"author":1,"featured_media":0,"parent":0,"menu_order":0,"comment_status":"closed","ping_status":"open","template":"","meta":{"give_campaign_id":0,"cybocfi_hide_featured_image":"yes","footnotes":""},"class_list":["post-3","page","type-page","status-publish","hentry"],"campaignId":"","_links":{"self":[{"href":"https:\/\/proteinvillage.com\/de\/wp-json\/wp\/v2\/pages\/3","targetHints":{"allow":["GET"]}}],"collection":[{"href":"https:\/\/proteinvillage.com\/de\/wp-json\/wp\/v2\/pages"}],"about":[{"href":"https:\/\/proteinvillage.com\/de\/wp-json\/wp\/v2\/types\/page"}],"author":[{"embeddable":true,"href":"https:\/\/proteinvillage.com\/de\/wp-json\/wp\/v2\/users\/1"}],"replies":[{"embeddable":true,"href":"https:\/\/proteinvillage.com\/de\/wp-json\/wp\/v2\/comments?post=3"}],"version-history":[{"count":13,"href":"https:\/\/proteinvillage.com\/de\/wp-json\/wp\/v2\/pages\/3\/revisions"}],"predecessor-version":[{"id":114,"href":"https:\/\/proteinvillage.com\/de\/wp-json\/wp\/v2\/pages\/3\/revisions\/114"}],"wp:attachment":[{"href":"https:\/\/proteinvillage.com\/de\/wp-json\/wp\/v2\/media?parent=3"}],"curies":[{"name":"wp","href":"https:\/\/api.w.org\/{rel}","templated":true}]}}