{"id":136,"date":"2023-12-31T17:52:58","date_gmt":"2023-12-31T08:52:58","guid":{"rendered":"https:\/\/proteinvillage.com\/?page_id=136"},"modified":"2025-09-23T20:43:44","modified_gmt":"2025-09-23T11:43:44","slug":"perfil","status":"publish","type":"page","link":"https:\/\/proteinvillage.com\/es\/perfil","title":{"rendered":"perfil"},"content":{"rendered":"<p><span class=\"ep-label es-round es-borderDashedS brc-Lblue bgc-VPblue es-RpaddingSS es-LpaddingSS\"><b>\u3010perfil\u3011<\/b><\/span><\/p>\n<div class=\"column column-2\">\n<div class=\"column__item\">\n<p><span style=\"font-weight: 400;\">Mi nombre es Pastan8.<\/span><span style=\"font-weight: 400;\">Soy una persona japonesa nacida en el campo.<\/span><br \/>\nSoy el operador de Protein village = NobiNoba.<\/p>\n<p><span style=\"font-weight: 400;\">Le gusta: el b\u00e1dminton, el entrenamiento con pesas, explorar, los ba\u00f1os p\u00fablicos, los centros de juegos, los dumplings de mijo, la pasta, el n\u00famero &quot;8&quot;, etc.<\/span><br \/>\n<span style=\"font-weight: 400;\">Lo que no me gusta: Las monta\u00f1as rusas<\/span><\/p>\n<p>Dirigimos una organizaci\u00f3n de b\u00e1dminton en Tokio.<br \/>\nSuelo hacer las tareas de la casa mientras escucho m\u00fasica y bailo jajaja<\/p>\n<\/div>\n<div class=\"column__item\"><img decoding=\"async\" class=\"wp-image-138 aligncenter\" src=\"https:\/\/proteinvillage.com\/wp-content\/themes\/the-thor\/img\/dummy.gif\" data-layzr=\"https:\/\/proteinvillage.com\/wp-content\/uploads\/b3a3a30c86809f5ce5621989a3960cc2.jpg\" alt=\"\" width=\"160\" height=\"202\" \/><\/div>\n<\/div>\n<p><span class=\"ep-label es-round es-borderDashedS brc-Lblue bgc-VPblue es-RpaddingSS es-LpaddingSS\"><b>[Motivo para iniciar un blog]<\/b><\/span><\/p>\n<p><span style=\"font-weight: 400;\">Un d\u00eda, de repente tuve una idea y decid\u00ed empezar este blog.<\/span><br \/>\n<span style=\"font-weight: 400;\">En este blog, publicar\u00e9 art\u00edculos sobre la teor\u00eda DOHad (Or\u00edgenes del Desarrollo de la Salud y la Enfermedad) y temas antienvejecimiento.<\/span><\/p>\n<p><span style=\"font-weight: 400;\">&quot;Una vida sana conducir\u00e1 a la felicidad de quienes te rodean&quot;<\/span><\/p>\n<p><span style=\"font-weight: 400;\">Quiero que vivas m\u00e1s que la gente que te rodea.<\/span><br \/>\n<span style=\"font-weight: 400;\">Si compartes este sentimiento, por favor comp\u00e1rtelo con alguien m\u00e1s.<\/span><br \/>\n<span style=\"font-weight: 400;\">Creo que esto dar\u00e1 lugar a una cadena de felicidad.<\/span><\/p>\n<p>*Esto dar\u00e1 como resultado los resultados m\u00e1s elegantes desde perspectivas tanto macro como micro, tanto en el \u00e1mbito privado como en el p\u00fablico.<\/p>\n<p><span style=\"font-weight: 400;\">La informaci\u00f3n presentada en el blog proviene principalmente de investigadores de diversos campos de todo el mundo.<\/span><br \/>\n<span style=\"font-weight: 400;\">Os respeto a todos.<\/span><br \/>\n<span style=\"font-weight: 400;\">gracias.<\/span><\/p>\n<p><span class=\"ep-label es-round es-borderDashedS brc-Lblue bgc-VPblue es-RpaddingSS es-LpaddingSS\"><b>\u3010otros\u3011<\/b><\/span><\/p>\n<p><span style=\"font-weight: 400;\">Adem\u00e1s de temas antienvejecimiento, tambi\u00e9n publicar\u00e9 sobre mis aficiones y mi vida diaria.<\/span><br \/>\n<span style=\"font-weight: 400;\">Si te aburre, simplemente ign\u00f3ralo (jajaja)<\/span><br \/>\nSin embargo, intentaremos asegurarnos de que leerle en voz alta estimule la liberaci\u00f3n de oxitocina.<\/p>\n<p>*Utilizar\u00e9 informaci\u00f3n obtenida de art\u00edculos de investigaci\u00f3n y datos experimentales como referencia y construir\u00e9 este blog con la idea en mente de &quot;\u00bfqu\u00e9 tipo de escritura estimula los circuitos neuronales que conducen a una mejor salud?&quot;.<\/p>\n<p>A partir de 2025, el uso de la IA estar\u00e1 generalizado. \u00abEn algunas sociedades, es imposible trabajar sin un ordenador\u00bb. Con la mirada puesta en el futuro, quiero dejar claro que este blog lo escribo yo personalmente. Mi intenci\u00f3n es escribirlo como si fuera un mensaje para cada uno de ustedes. Si no lo hago, no les resultar\u00e1 \u00fatil.<span style=\"font-weight: 400;\">(jajaja)<\/span><\/p>\n<p><span style=\"font-weight: 400;\">Tambi\u00e9n tenemos puntos de contacto para publicidad y donaciones en nuestro blog.<\/span><br \/>\n<span style=\"font-weight: 400;\">Me alegrar\u00eda si los ingresos se pudieran utilizar para cubrir los gastos de funcionamiento del sitio web y si cualquier excedente se pudiera devolver a la sociedad.<\/span><\/p>\n<p>Creo que ser\u00eda maravilloso que la informaci\u00f3n sobre salud circulara y cambiara los niveles de conocimiento y los est\u00e1ndares de comportamiento de las personas en todo el mundo, dando como resultado individuos con una perspectiva y un juicio mejorados, una independencia m\u00e1s estable y mayor ayuda mutua.<\/p>\n<p><span style=\"font-weight: 400;\">Al final, decid\u00ed vivir tranquilamente.<\/span><br \/>\n<span style=\"font-weight: 400;\">Espero dejar un legado que sirva de apoyo a quienes trabajan duro en la sociedad.<\/span><\/p>\n<p><span style=\"font-weight: 400;\">Por supuesto, le proporcionaremos la informaci\u00f3n con sinceridad.<\/span><br \/>\n<span style=\"font-weight: 400;\">Muchas gracias por su cooperaci\u00f3n.<\/span><\/p>","protected":false},"excerpt":{"rendered":"<p>\u3010\u30d7\u30ed\u30d5\u30a3\u30fc\u30eb\u3011 \u3071\u3059\u305f\u30938\u3068\u7533\u3057\u307e\u3059\u3002 [&hellip;]<\/p>\n","protected":false},"author":1,"featured_media":0,"parent":0,"menu_order":0,"comment_status":"closed","ping_status":"closed","template":"","meta":{"give_campaign_id":0,"cybocfi_hide_featured_image":"","footnotes":""},"class_list":["post-136","page","type-page","status-publish","hentry"],"campaignId":"","_links":{"self":[{"href":"https:\/\/proteinvillage.com\/es\/wp-json\/wp\/v2\/pages\/136","targetHints":{"allow":["GET"]}}],"collection":[{"href":"https:\/\/proteinvillage.com\/es\/wp-json\/wp\/v2\/pages"}],"about":[{"href":"https:\/\/proteinvillage.com\/es\/wp-json\/wp\/v2\/types\/page"}],"author":[{"embeddable":true,"href":"https:\/\/proteinvillage.com\/es\/wp-json\/wp\/v2\/users\/1"}],"replies":[{"embeddable":true,"href":"https:\/\/proteinvillage.com\/es\/wp-json\/wp\/v2\/comments?post=136"}],"version-history":[{"count":20,"href":"https:\/\/proteinvillage.com\/es\/wp-json\/wp\/v2\/pages\/136\/revisions"}],"predecessor-version":[{"id":153,"href":"https:\/\/proteinvillage.com\/es\/wp-json\/wp\/v2\/pages\/136\/revisions\/153"}],"wp:attachment":[{"href":"https:\/\/proteinvillage.com\/es\/wp-json\/wp\/v2\/media?parent=136"}],"curies":[{"name":"wp","href":"https:\/\/api.w.org\/{rel}","templated":true}]}}