{"id":3,"date":"2020-11-11T07:09:26","date_gmt":"2020-11-11T07:09:26","guid":{"rendered":"https:\/\/proteinvillage.com\/?page_id=3"},"modified":"2023-12-14T22:19:01","modified_gmt":"2023-12-14T13:19:01","slug":"politica-de-privacidad","status":"publish","type":"page","link":"https:\/\/proteinvillage.com\/es\/politica-de-privacidad","title":{"rendered":"Condiciones de uso\/Descargo de responsabilidad"},"content":{"rendered":"<p><span style=\"font-family: '\uff2d\uff33 \u660e\u671d', 'MS Mincho';\"><strong><span style=\"font-size: 18pt;\"><a class=\"ep-btn bgc-Bgreen ftc-white es-size100 es-TpaddingS es-BpaddingS es-shadowIn es-BTarrow es-bold es-radius\">Condiciones de uso y exenci\u00f3n de responsabilidad<\/a><\/span><\/strong><\/span><\/p>\r\n<p><strong><span class=\"ep-label es-round es-borderDashedS brc-Lblue bgc-VPblue es-RpaddingSS es-LpaddingSS\">[Sobre la informaci\u00f3n que se publicar\u00e1]<\/span><\/strong><\/p>\r\n<p><span style=\"font-weight: 400;\">\u25a0En este blog esperamos que nuestros lectores realicen ellos mismos &quot;acciones positivas&quot;, y desde esa perspectiva citamos y presentamos art\u00edculos, datos experimentales, estad\u00edsticas, etc.<\/span><span style=\"font-weight: 400;\">Sin embargo, esta informaci\u00f3n no se proporciona para diagn\u00f3stico, prevenci\u00f3n, tratamiento, etc.<\/span><span style=\"font-weight: 400;\">Tambi\u00e9n contiene mis propias opiniones, ya que no soy un experto, y no refleja el asesoramiento directo de terceros, como instituciones especializadas o expertos.<\/span><\/p>\r\n<p><span style=\"font-weight: 400;\">\u25a0Para el diagn\u00f3stico y tratamiento de enfermedades, consulte una instituci\u00f3n m\u00e9dica o un m\u00e9dico calificado.<br \/><\/span><span style=\"font-weight: 400;\">No interrumpa el tratamiento por su cuenta ni ignore las instrucciones de su m\u00e9dico bas\u00e1ndose en la informaci\u00f3n de este blog.<br \/><\/span><span style=\"font-weight: 400;\">Tenga en cuenta que no podemos ser considerados responsables de ninguna molestia f\u00edsica o falta de mejora como resultado de acciones tomadas en base a la informaci\u00f3n de este blog, o por cualquier otro da\u00f1o incurrido como resultado del contenido publicado en este blog.<\/span><\/p>\r\n<p><span style=\"font-weight: 400;\">\u25a0Algunos de los art\u00edculos citados, datos experimentales, estad\u00edsticas, etc. contienen evidencia insuficiente.<br \/><\/span><span style=\"font-weight: 400;\">Por favor comprenda que, en particular, la informaci\u00f3n m\u00e1s reciente puede no estar basada en evidencia suficiente, como consideraciones experimentales.<\/span><span style=\"font-weight: 400;\">Se necesitar\u00e1n a\u00f1os para reunir pruebas suficientes.<\/span><span style=\"font-weight: 400;\">Creo que esperar esos a\u00f1os puede retrasar la acci\u00f3n necesaria.<\/span><span style=\"font-weight: 400;\">Tenemos la intenci\u00f3n de publicar informaci\u00f3n que carece de evidencia, con la esperanza de apoyar a nuestros lectores.<\/span><\/p>\r\n<p><span style=\"font-weight: 400;\">\u25a0Por favor comprenda que mi propia comprensi\u00f3n de los art\u00edculos, datos experimentales, estad\u00edsticas, etc. puede ser insuficiente.<\/span><span style=\"font-weight: 400;\">Nos esforzamos por proporcionar informaci\u00f3n lo m\u00e1s precisa posible, pero no podemos garantizar su exactitud ni seguridad.<\/span><span style=\"font-weight: 400;\">La informaci\u00f3n puede estar desactualizada.<\/span><span style=\"font-weight: 400;\">Sin embargo, haremos todo lo posible para mantener la informaci\u00f3n actualizada.<\/span><\/p>\r\n<p><span style=\"font-weight: 400;\">\u25a0Este blog no garantiza la legalidad, precisi\u00f3n o seguridad de todo el contenido, incluidos textos, im\u00e1genes, videos y audio, proporcionados por este blog.<br \/><\/span><span style=\"font-weight: 400;\">Este blog no tiene la autoridad para permitir que terceros utilicen ninguno de los contenidos, textos, im\u00e1genes, v\u00eddeos, audio, etc. utilizados en este blog.<br \/><\/span><span style=\"font-weight: 400;\">Este blog no asume ninguna responsabilidad por cualquier da\u00f1o derivado de cualquier contenido, texto, im\u00e1genes, v\u00eddeos, audio, etc. proporcionado por este blog.<\/span><\/p>\r\n<p>&nbsp;<\/p>\r\n<p><strong><span class=\"ep-label es-round es-borderDashedS brc-Lblue bgc-VPblue es-RpaddingSS es-LpaddingSS\">[Finalidad del uso de la informaci\u00f3n personal]<\/span><\/strong><\/p>\r\n<p><span style=\"font-weight: 400;\">\u25a0En este blog, al realizar consultas o comentar art\u00edculos, se le puede solicitar que ingrese informaci\u00f3n personal como su nombre y direcci\u00f3n de correo electr\u00f3nico.<\/span><span style=\"font-weight: 400;\">La informaci\u00f3n personal que recopilemos se utilizar\u00e1 para responder a sus consultas y proporcionarle la informaci\u00f3n necesaria por correo electr\u00f3nico, etc., y no se utilizar\u00e1 para ning\u00fan otro prop\u00f3sito.<\/span><\/p>\r\n<p><span style=\"font-weight: 400;\">\u25a0Este blog cumple con las leyes y regulaciones aplicables con respecto a la informaci\u00f3n personal, y revisar\u00e1 y se esforzar\u00e1 por mejorar el modo en que maneja la informaci\u00f3n personal.<br \/><\/span><span style=\"font-weight: 400;\">Cualquier modificaci\u00f3n siempre ser\u00e1 comunicada en esta p\u00e1gina.<\/span><\/p>\r\n<p><span style=\"font-weight: 400;\">\u25a0Este sitio gestionar\u00e1 adecuadamente la informaci\u00f3n personal y no la divulgar\u00e1 a terceros excepto en los siguientes casos.<br \/><\/span><span style=\"font-weight: 400;\">\u30fbCuando el individuo haya dado su consentimiento<br \/><\/span><span style=\"font-weight: 400;\">\u30fbCuando la divulgaci\u00f3n sea necesaria para cooperar con las leyes y regulaciones, etc.<\/span><\/p>\r\n<p><span style=\"font-weight: 400;\">\u25a0Si desea divulgar, corregir, agregar, eliminar o suspender el uso de sus datos personales, le responderemos r\u00e1pidamente despu\u00e9s de confirmar su identidad.<\/span><\/p>\r\n<p>&nbsp;<\/p>\r\n<p><strong><span class=\"ep-label es-round es-borderDashedS brc-Lblue bgc-VPblue es-RpaddingSS es-LpaddingSS\">[Acerca de la publicidad]<\/span><\/strong><\/p>\r\n<p><span style=\"font-weight: 400;\">\u25a0Este blog utiliza servicios de publicidad de terceros (Google AdSense, A8.net) y utiliza cookies para mostrar anuncios de productos y servicios que coincidan con los intereses de los usuarios.<\/span><span style=\"font-weight: 400;\">Las cookies permiten a nuestro blog identificar su computadora, pero no lo identifican personalmente.<\/span><span style=\"font-weight: 400;\">Para obtener m\u00e1s informaci\u00f3n sobre c\u00f3mo deshabilitar las cookies y Google AdSense, consulte &quot;Publicidad - Pol\u00edticas y condiciones - Google&quot;.<\/span><\/p>\r\n<p><span style=\"font-weight: 400;\">\u25a0Protein village tambi\u00e9n participa en el Programa de Asociados de Amazon, un programa de afiliados dise\u00f1ado para proporcionar un medio para que los sitios ganen tarifas de publicidad mediante publicidad y enlaces a Amazon.co.jp.<\/span><\/p>\r\n<p><span style=\"font-weight: 400;\">\u25a0Si tiene alguna pregunta sobre los productos presentados en este blog, comun\u00edquese con la empresa de ventas.<\/span><span style=\"font-weight: 400;\">No somos responsables de ninguna informaci\u00f3n, servicio, etc. proporcionado en sitios a los que se acceda a trav\u00e9s de enlaces o banners desde este blog.<\/span><span style=\"font-weight: 400;\">La decisi\u00f3n final respecto a la compra de cualquier producto o servicio es su propia responsabilidad.<\/span><\/p>\r\n<p>&nbsp;<\/p>\r\n<p><strong><span class=\"ep-label es-round es-borderDashedS brc-Lblue bgc-VPblue es-RpaddingSS es-LpaddingSS\">[Acerca de la herramienta de an\u00e1lisis de acceso]<\/span><\/strong><\/p>\r\n<p><span style=\"font-weight: 400;\">Este blog utiliza la herramienta de an\u00e1lisis de acceso de Google, &quot;Google Analytics&quot;. Google Analytics utiliza cookies para recopilar datos de tr\u00e1fico. Estos datos se recopilan de forma an\u00f3nima y no identifican a las personas.<\/span><\/p>\r\n<p>&nbsp;<\/p>\r\n<p><span class=\"ep-label es-round es-borderDashedS brc-Lblue bgc-VPblue es-RpaddingSS es-LpaddingSS\"><strong>[Derechos de autor]<\/strong><\/span><\/p>\r\n<p><span style=\"font-weight: 400;\">Los derechos de autor no se renuncian.<br \/><\/span><span style=\"font-weight: 400;\">Queda prohibida la reproducci\u00f3n no autorizada de cualquier texto publicado en este blog.<\/span><span style=\"font-weight: 400;\">Este blog no pretende infringir los derechos de autor. Si tiene alguna pregunta sobre derechos de autor o derechos de imagen, cont\u00e1ctenos mediante el formulario de consulta. Le responderemos a la brevedad.<\/span><\/p>\r\n<p>&nbsp;<\/p>\r\n<p><span class=\"ep-label es-round es-borderDashedS brc-Lblue bgc-VPblue es-RpaddingSS es-LpaddingSS\"><strong>[Elementos prohibidos en el uso de este blog]<\/strong><\/span><\/p>\r\n<p><span style=\"font-weight: 400;\">- Uso con fines comerciales<br \/><\/span><span style=\"font-weight: 400;\">- Usar este blog para publicar, instalar, copiar, etc. cualquier informaci\u00f3n publicada en este blog en medios de informaci\u00f3n como radio, revistas y televisi\u00f3n, o en medios de almacenamiento como USB, DVD-ROM y CD-ROM, independientemente del contenido.<br \/><\/span><span style=\"font-weight: 400;\">\u30fbTodo uso malicioso e ilegal de este blog<br \/><\/span><span style=\"font-weight: 400;\">\u30fbCualquier uso que este blog considere inapropiado<\/span><\/p>\r\n<p>&nbsp;<\/p>\r\n<p><span class=\"ep-label es-round es-borderDashedS brc-Lblue bgc-VPblue es-RpaddingSS es-LpaddingSS\"><strong>[Acerca de los enlaces]<\/strong><\/span><\/p>\r\n<p><span style=\"font-weight: 400;\">Siempre que no infrinja la secci\u00f3n &quot;Uso prohibido de este blog&quot;, puede enlazar a este blog sin ning\u00fan problema. No se requiere permiso ni contacto para hacerlo.<\/span><span style=\"font-weight: 400;\">Sin embargo, abst\u00e9ngase de utilizar marcos en l\u00ednea o enlaces directos a im\u00e1genes.<\/span><\/p>\r\n<p><span style=\"font-weight: 400;\">Este blog puede suspender, discontinuar o cambiar temporalmente todos o parte de los servicios de este blog sin previo aviso a los espectadores y usuarios.<\/span><span style=\"font-weight: 400;\">Para consultas, utilice el formulario de correo electr\u00f3nico.<\/span><\/p>\r\n<p><span style=\"font-weight: 400;\">Hola a todos, este se ha convertido en un art\u00edculo muy largo.<br \/><\/span><span style=\"font-weight: 400;\">Muchas gracias por su colaboraci\u00f3n.<\/span><\/p>\r\n<p><span style=\"font-weight: 400;\">Informaci\u00f3n del operador:<\/span><span style=\"font-weight: 400;\">Pastan 8<br \/><\/span><span style=\"font-weight: 400;\">Informaci\u00f3n de contacto (formulario de consulta):<\/span><span style=\"font-weight: 400;\">proteinvillagecontact@gmail.com<\/span><\/p>","protected":false},"excerpt":{"rendered":"<p>\u5229\u7528\u898f\u7d04\u3001\u304a\u3088\u3073\u3001\u514d\u8cac\u4e8b\u9805 \u3010\u63b2\u8f09\u3059\u308b\u60c5 [&hellip;]<\/p>\n","protected":false},"author":1,"featured_media":0,"parent":0,"menu_order":0,"comment_status":"closed","ping_status":"open","template":"","meta":{"give_campaign_id":0,"cybocfi_hide_featured_image":"yes","footnotes":""},"class_list":["post-3","page","type-page","status-publish","hentry"],"campaignId":"","_links":{"self":[{"href":"https:\/\/proteinvillage.com\/es\/wp-json\/wp\/v2\/pages\/3","targetHints":{"allow":["GET"]}}],"collection":[{"href":"https:\/\/proteinvillage.com\/es\/wp-json\/wp\/v2\/pages"}],"about":[{"href":"https:\/\/proteinvillage.com\/es\/wp-json\/wp\/v2\/types\/page"}],"author":[{"embeddable":true,"href":"https:\/\/proteinvillage.com\/es\/wp-json\/wp\/v2\/users\/1"}],"replies":[{"embeddable":true,"href":"https:\/\/proteinvillage.com\/es\/wp-json\/wp\/v2\/comments?post=3"}],"version-history":[{"count":13,"href":"https:\/\/proteinvillage.com\/es\/wp-json\/wp\/v2\/pages\/3\/revisions"}],"predecessor-version":[{"id":114,"href":"https:\/\/proteinvillage.com\/es\/wp-json\/wp\/v2\/pages\/3\/revisions\/114"}],"wp:attachment":[{"href":"https:\/\/proteinvillage.com\/es\/wp-json\/wp\/v2\/media?parent=3"}],"curies":[{"name":"wp","href":"https:\/\/api.w.org\/{rel}","templated":true}]}}