{"id":3,"date":"2020-11-11T07:09:26","date_gmt":"2020-11-11T07:09:26","guid":{"rendered":"https:\/\/proteinvillage.com\/?page_id=3"},"modified":"2023-12-14T22:19:01","modified_gmt":"2023-12-14T13:19:01","slug":"politique-de-confidentialite","status":"publish","type":"page","link":"https:\/\/proteinvillage.com\/fr\/politique-de-confidentialite","title":{"rendered":"Conditions d&#039;utilisation\/Avis de non-responsabilit\u00e9"},"content":{"rendered":"<p><span style=\"font-family: '\uff2d\uff33 \u660e\u671d', 'MS Mincho';\"><strong><span style=\"font-size: 18pt;\"><a class=\"ep-btn bgc-Bgreen ftc-white es-size100 es-TpaddingS es-BpaddingS es-shadowIn es-BTarrow es-bold es-radius\">Conditions d&#039;utilisation et avis de non-responsabilit\u00e9<\/a><\/span><\/strong><\/span><\/p>\r\n<p><strong><span class=\"ep-label es-round es-borderDashedS brc-Lblue bgc-VPblue es-RpaddingSS es-LpaddingSS\">[\u00c0 propos des informations \u00e0 publier]<\/span><\/strong><\/p>\r\n<p><span style=\"font-weight: 400;\">\u25a0Sur ce blog, nous esp\u00e9rons que nos lecteurs prendront eux-m\u00eames des \u00ab mesures positives \u00bb et, dans cette perspective, nous citons et pr\u00e9sentons des articles, des donn\u00e9es exp\u00e9rimentales, des statistiques, etc.<\/span><span style=\"font-weight: 400;\">Toutefois, ces informations ne sont pas fournies \u00e0 des fins de diagnostic, de pr\u00e9vention, de traitement, etc.<\/span><span style=\"font-weight: 400;\">Il contient \u00e9galement mes propres opinions, car je ne suis pas un expert, et ne refl\u00e8te pas les conseils directs de tiers tels que des institutions sp\u00e9cialis\u00e9es ou des experts.<\/span><\/p>\r\n<p><span style=\"font-weight: 400;\">\u25a0Pour le diagnostic et le traitement des maladies, veuillez consulter un \u00e9tablissement m\u00e9dical ou un m\u00e9decin qualifi\u00e9.<br \/><\/span><span style=\"font-weight: 400;\">Veuillez ne pas interrompre le traitement de votre propre chef ni ignorer les instructions de votre m\u00e9decin sur la base des informations contenues dans ce blog.<br \/><\/span><span style=\"font-weight: 400;\">Veuillez noter que nous ne pouvons \u00eatre tenus responsables de tout inconfort physique ou de toute absence d\u2019am\u00e9lioration r\u00e9sultant d\u2019actions entreprises sur la base des informations contenues dans ce blog, ni de tout autre dommage subi \u00e0 la suite du contenu publi\u00e9 sur ce blog.<\/span><\/p>\r\n<p><span style=\"font-weight: 400;\">\u25a0Certains des articles cit\u00e9s, des donn\u00e9es exp\u00e9rimentales, des statistiques, etc. ne contiennent pas suffisamment de preuves.<br \/><\/span><span style=\"font-weight: 400;\">Veuillez comprendre qu\u2019en particulier, les informations les plus r\u00e9centes peuvent ne pas \u00eatre fond\u00e9es sur des preuves suffisantes, telles que des consid\u00e9rations exp\u00e9rimentales.<\/span><span style=\"font-weight: 400;\">Il faudra des ann\u00e9es pour rassembler suffisamment de preuves.<\/span><span style=\"font-weight: 400;\">Je crois qu\u2019attendre ces ann\u00e9es risque de retarder l\u2019action n\u00e9cessaire.<\/span><span style=\"font-weight: 400;\">Nous avons l\u2019intention de publier des informations qui manquent de preuves, dans l\u2019espoir de soutenir nos lecteurs.<\/span><\/p>\r\n<p><span style=\"font-weight: 400;\">\u25a0Veuillez comprendre que ma propre compr\u00e9hension des articles, des donn\u00e9es exp\u00e9rimentales, des statistiques, etc. peut \u00eatre insuffisante.<\/span><span style=\"font-weight: 400;\">Nous nous effor\u00e7ons de fournir des informations aussi pr\u00e9cises que possible, mais nous ne pouvons garantir leur exactitude ou leur s\u00e9curit\u00e9.<\/span><span style=\"font-weight: 400;\">Les informations peuvent \u00eatre obsol\u00e8tes.<\/span><span style=\"font-weight: 400;\">Nous ferons n\u00e9anmoins de notre mieux pour maintenir les informations \u00e0 jour.<\/span><\/p>\r\n<p><span style=\"font-weight: 400;\">\u25a0Ce blog ne garantit pas la l\u00e9galit\u00e9, l&#039;exactitude ou la s\u00e9curit\u00e9 de tout le contenu, y compris le texte, les images, les vid\u00e9os et l&#039;audio, fournis par ce blog.<br \/><\/span><span style=\"font-weight: 400;\">Ce blog n&#039;a pas le pouvoir d&#039;autoriser des tiers \u00e0 utiliser le contenu, le texte, les images, les vid\u00e9os, l&#039;audio, etc. utilis\u00e9s sur ce blog.<br \/><\/span><span style=\"font-weight: 400;\">Ce blog n&#039;assume aucune responsabilit\u00e9 pour tout dommage d\u00e9coulant de tout contenu, texte, images, vid\u00e9os, audio, etc. fournis par ce blog.<\/span><\/p>\r\n<p>&nbsp;<\/p>\r\n<p><strong><span class=\"ep-label es-round es-borderDashedS brc-Lblue bgc-VPblue es-RpaddingSS es-LpaddingSS\">[Finalit\u00e9 de l&#039;utilisation des informations personnelles]<\/span><\/strong><\/p>\r\n<p><span style=\"font-weight: 400;\">\u25a0Sur ce blog, lorsque vous faites des demandes de renseignements ou commentez des articles, il peut vous \u00eatre demand\u00e9 de saisir des informations personnelles telles que votre nom et votre adresse e-mail.<\/span><span style=\"font-weight: 400;\">Les informations personnelles que nous collectons seront utilis\u00e9es pour r\u00e9pondre \u00e0 vos demandes et vous fournir les informations n\u00e9cessaires par courrier \u00e9lectronique, etc., et ne seront utilis\u00e9es \u00e0 aucune autre fin.<\/span><\/p>\r\n<p><span style=\"font-weight: 400;\">\u25a0Ce blog est conforme aux lois et r\u00e9glementations applicables concernant les informations personnelles et examinera et s&#039;efforcera d&#039;am\u00e9liorer la mani\u00e8re dont il traite les informations personnelles.<br \/><\/span><span style=\"font-weight: 400;\">Toute modification sera toujours divulgu\u00e9e sur cette page.<\/span><\/p>\r\n<p><span style=\"font-weight: 400;\">\u25a0Ce site g\u00e9rera correctement les informations personnelles et ne les divulguera pas \u00e0 des tiers, sauf dans les cas suivants.<br \/><\/span><span style=\"font-weight: 400;\">\u30fbLorsque la personne a donn\u00e9 son consentement<br \/><\/span><span style=\"font-weight: 400;\">\u30fbLorsque la divulgation est n\u00e9cessaire pour coop\u00e9rer avec les lois et r\u00e8glements, etc.<\/span><\/p>\r\n<p><span style=\"font-weight: 400;\">\u25a0Si vous souhaitez divulguer, corriger, ajouter, supprimer ou suspendre l\u2019utilisation de vos donn\u00e9es personnelles, nous vous r\u00e9pondrons rapidement apr\u00e8s avoir confirm\u00e9 votre identit\u00e9.<\/span><\/p>\r\n<p>&nbsp;<\/p>\r\n<p><strong><span class=\"ep-label es-round es-borderDashedS brc-Lblue bgc-VPblue es-RpaddingSS es-LpaddingSS\">[\u00c0 propos de la publicit\u00e9]<\/span><\/strong><\/p>\r\n<p><span style=\"font-weight: 400;\">\u25a0Ce blog utilise des services de publicit\u00e9 tiers (Google AdSense, A8.net) et utilise des cookies pour afficher des publicit\u00e9s pour des produits et services correspondant aux int\u00e9r\u00eats des utilisateurs.<\/span><span style=\"font-weight: 400;\">Les cookies permettent \u00e0 notre blog d&#039;identifier votre ordinateur, mais ne vous identifient pas personnellement.<\/span><span style=\"font-weight: 400;\">Pour plus d&#039;informations sur la fa\u00e7on de d\u00e9sactiver les cookies et Google AdSense, veuillez consulter \u00ab Publicit\u00e9 - R\u00e8gles et conditions - Google \u00bb.<\/span><\/p>\r\n<p><span style=\"font-weight: 400;\">\u25a0De plus, Protein Village participe au programme Amazon Associates, un programme d&#039;affiliation con\u00e7u pour fournir aux sites un moyen de gagner des frais de publicit\u00e9 en faisant de la publicit\u00e9 et en cr\u00e9ant des liens vers Amazon.co.jp.<\/span><\/p>\r\n<p><span style=\"font-weight: 400;\">\u25a0Si vous avez des questions sur les produits pr\u00e9sent\u00e9s sur ce blog, veuillez contacter la soci\u00e9t\u00e9 de vente.<\/span><span style=\"font-weight: 400;\">Nous ne sommes pas responsables des informations, services, etc. fournis sur les sites accessibles via des liens ou des banni\u00e8res depuis ce blog.<\/span><span style=\"font-weight: 400;\">La d\u00e9cision finale concernant l\u2019achat de tout produit ou service rel\u00e8ve de votre propre responsabilit\u00e9.<\/span><\/p>\r\n<p>&nbsp;<\/p>\r\n<p><strong><span class=\"ep-label es-round es-borderDashedS brc-Lblue bgc-VPblue es-RpaddingSS es-LpaddingSS\">[\u00c0 propos de l&#039;outil d&#039;analyse d&#039;acc\u00e8s]<\/span><\/strong><\/p>\r\n<p><span style=\"font-weight: 400;\">Ce blog utilise Google Analytics, un outil d&#039;analyse d&#039;acc\u00e8s fourni par Google. Google Analytics utilise des cookies pour collecter des donn\u00e9es de trafic. Ces donn\u00e9es sont collect\u00e9es de mani\u00e8re anonyme et ne permettent pas d&#039;identifier les personnes.<\/span><\/p>\r\n<p>&nbsp;<\/p>\r\n<p><span class=\"ep-label es-round es-borderDashedS brc-Lblue bgc-VPblue es-RpaddingSS es-LpaddingSS\"><strong>[Droits d&#039;auteur]<\/strong><\/span><\/p>\r\n<p><span style=\"font-weight: 400;\">Le droit d\u2019auteur n\u2019est pas abandonn\u00e9.<br \/><\/span><span style=\"font-weight: 400;\">La reproduction non autoris\u00e9e de tout texte publi\u00e9 sur ce blog est interdite.<\/span><span style=\"font-weight: 400;\">Ce blog n&#039;a pas pour but de porter atteinte aux droits d&#039;auteur. Pour toute question concernant les droits d&#039;auteur ou les droits relatifs aux portraits, veuillez nous contacter via le formulaire de demande. Nous vous r\u00e9pondrons rapidement.<\/span><\/p>\r\n<p>&nbsp;<\/p>\r\n<p><span class=\"ep-label es-round es-borderDashedS brc-Lblue bgc-VPblue es-RpaddingSS es-LpaddingSS\"><strong>[\u00c9l\u00e9ments interdits concernant l&#039;utilisation de ce blog]<\/strong><\/span><\/p>\r\n<p><span style=\"font-weight: 400;\">- Utilisation \u00e0 des fins commerciales<br \/><\/span><span style=\"font-weight: 400;\">- Utiliser ce blog pour publier, installer, copier, etc. toute information publi\u00e9e sur ce blog sur des supports d&#039;information tels que la radio, les magazines et la t\u00e9l\u00e9vision, ou sur des supports de stockage tels que USB, DVD-ROM et CD-ROM, quel que soit le contenu.<br \/><\/span><span style=\"font-weight: 400;\">\u30fbToutes utilisations malveillantes et ill\u00e9gales de ce blog<br \/><\/span><span style=\"font-weight: 400;\">\u30fbToute utilisation que ce blog juge inappropri\u00e9e<\/span><\/p>\r\n<p>&nbsp;<\/p>\r\n<p><span class=\"ep-label es-round es-borderDashedS brc-Lblue bgc-VPblue es-RpaddingSS es-LpaddingSS\"><strong>[\u00c0 propos des liens]<\/strong><\/span><\/p>\r\n<p><span style=\"font-weight: 400;\">Tant que cela ne contrevient pas \u00e0 l&#039;\u00ab\u00a0Utilisation interdite de ce blog\u00a0\u00bb, vous \u00eates g\u00e9n\u00e9ralement libre de cr\u00e9er un lien vers ce blog. Aucune autorisation ni aucun contact ne sont requis pour cr\u00e9er un lien.<\/span><span style=\"font-weight: 400;\">Cependant, veuillez vous abstenir d&#039;utiliser des cadres en ligne ou des liens directs vers des images.<\/span><\/p>\r\n<p><span style=\"font-weight: 400;\">Ce blog peut suspendre, interrompre ou modifier temporairement tout ou partie des services de ce blog sans pr\u00e9avis aux t\u00e9l\u00e9spectateurs et aux utilisateurs.<\/span><span style=\"font-weight: 400;\">Pour toute demande de renseignements, veuillez utiliser le formulaire de courrier \u00e9lectronique.<\/span><\/p>\r\n<p><span style=\"font-weight: 400;\">Tout le monde, cet article est devenu tr\u00e8s long,<br \/><\/span><span style=\"font-weight: 400;\">Merci beaucoup pour votre coop\u00e9ration.<\/span><\/p>\r\n<p><span style=\"font-weight: 400;\">Informations sur l&#039;op\u00e9rateur :<\/span><span style=\"font-weight: 400;\">P\u00e2tes 8<br \/><\/span><span style=\"font-weight: 400;\">Coordonn\u00e9es (formulaire de demande) :<\/span><span style=\"font-weight: 400;\">proteinvillagecontact@gmail.com<\/span><\/p>","protected":false},"excerpt":{"rendered":"<p>\u5229\u7528\u898f\u7d04\u3001\u304a\u3088\u3073\u3001\u514d\u8cac\u4e8b\u9805 \u3010\u63b2\u8f09\u3059\u308b\u60c5 [&hellip;]<\/p>\n","protected":false},"author":1,"featured_media":0,"parent":0,"menu_order":0,"comment_status":"closed","ping_status":"open","template":"","meta":{"give_campaign_id":0,"cybocfi_hide_featured_image":"yes","footnotes":""},"class_list":["post-3","page","type-page","status-publish","hentry"],"campaignId":"","_links":{"self":[{"href":"https:\/\/proteinvillage.com\/fr\/wp-json\/wp\/v2\/pages\/3","targetHints":{"allow":["GET"]}}],"collection":[{"href":"https:\/\/proteinvillage.com\/fr\/wp-json\/wp\/v2\/pages"}],"about":[{"href":"https:\/\/proteinvillage.com\/fr\/wp-json\/wp\/v2\/types\/page"}],"author":[{"embeddable":true,"href":"https:\/\/proteinvillage.com\/fr\/wp-json\/wp\/v2\/users\/1"}],"replies":[{"embeddable":true,"href":"https:\/\/proteinvillage.com\/fr\/wp-json\/wp\/v2\/comments?post=3"}],"version-history":[{"count":13,"href":"https:\/\/proteinvillage.com\/fr\/wp-json\/wp\/v2\/pages\/3\/revisions"}],"predecessor-version":[{"id":114,"href":"https:\/\/proteinvillage.com\/fr\/wp-json\/wp\/v2\/pages\/3\/revisions\/114"}],"wp:attachment":[{"href":"https:\/\/proteinvillage.com\/fr\/wp-json\/wp\/v2\/media?parent=3"}],"curies":[{"name":"wp","href":"https:\/\/api.w.org\/{rel}","templated":true}]}}